{"id":406,"date":"2016-09-27T09:51:22","date_gmt":"2016-09-27T09:51:22","guid":{"rendered":"http:\/\/fitness2.mythemecloud.io\/?page_id=406"},"modified":"2023-11-08T15:54:10","modified_gmt":"2023-11-08T14:54:10","slug":"informations","status":"publish","type":"page","link":"https:\/\/www.simon.boido.fr\/index.php\/informations\/","title":{"rendered":"A propos"},"content":{"rendered":"\t\t<div data-elementor-type=\"wp-post\" data-elementor-id=\"406\" class=\"elementor elementor-406\">\n\t\t\t\t\t\t\t\t\t<section class=\"elementor-section elementor-top-section elementor-element elementor-element-ybrx6zd elementor-section-content-middle elementor-section-boxed elementor-section-height-default elementor-section-height-default\" data-id=\"ybrx6zd\" data-element_type=\"section\">\n\t\t\t\t\t\t<div class=\"elementor-container elementor-column-gap-default\">\n\t\t\t\t\t<div class=\"elementor-column elementor-col-50 elementor-top-column elementor-element elementor-element-nm7wyr2\" data-id=\"nm7wyr2\" data-element_type=\"column\">\n\t\t\t<div class=\"elementor-widget-wrap elementor-element-populated\">\n\t\t\t\t\t\t\t\t<div class=\"elementor-element elementor-element-shc2be8 elementor-widget elementor-widget-image\" data-id=\"shc2be8\" data-element_type=\"widget\" data-widget_type=\"image.default\">\n\t\t\t\t<div class=\"elementor-widget-container\">\n\t\t\t<style>\/*! elementor - v3.17.0 - 08-11-2023 *\/\n.elementor-widget-image{text-align:center}.elementor-widget-image a{display:inline-block}.elementor-widget-image a img[src$=\".svg\"]{width:48px}.elementor-widget-image img{vertical-align:middle;display:inline-block}<\/style>\t\t\t\t\t\t\t\t\t\t\t\t<img loading=\"lazy\" decoding=\"async\" width=\"204\" height=\"300\" src=\"https:\/\/www.simon.boido.fr\/wp-content\/uploads\/2023\/02\/thumbnail_1b21d417-ff79-4d9b-a6b1-a2be80ead4ce-204x300.png\" class=\"attachment-medium size-medium wp-image-1224\" alt=\"\" srcset=\"https:\/\/www.simon.boido.fr\/wp-content\/uploads\/2023\/02\/thumbnail_1b21d417-ff79-4d9b-a6b1-a2be80ead4ce-204x300.png 204w, https:\/\/www.simon.boido.fr\/wp-content\/uploads\/2023\/02\/thumbnail_1b21d417-ff79-4d9b-a6b1-a2be80ead4ce.png 436w\" sizes=\"auto, (max-width: 204px) 100vw, 204px\" \/>\t\t\t\t\t\t\t\t\t\t\t\t\t\t\t<\/div>\n\t\t\t\t<\/div>\n\t\t\t\t\t<\/div>\n\t\t<\/div>\n\t\t\t\t<div class=\"elementor-column elementor-col-50 elementor-top-column elementor-element elementor-element-r7gqrhq\" data-id=\"r7gqrhq\" data-element_type=\"column\">\n\t\t\t<div class=\"elementor-widget-wrap elementor-element-populated\">\n\t\t\t\t\t\t\t\t<div class=\"elementor-element elementor-element-6c05419 elementor-widget elementor-widget-heading\" data-id=\"6c05419\" data-element_type=\"widget\" data-widget_type=\"heading.default\">\n\t\t\t\t<div class=\"elementor-widget-container\">\n\t\t\t<style>\/*! elementor - v3.17.0 - 08-11-2023 *\/\n.elementor-heading-title{padding:0;margin:0;line-height:1}.elementor-widget-heading .elementor-heading-title[class*=elementor-size-]>a{color:inherit;font-size:inherit;line-height:inherit}.elementor-widget-heading .elementor-heading-title.elementor-size-small{font-size:15px}.elementor-widget-heading .elementor-heading-title.elementor-size-medium{font-size:19px}.elementor-widget-heading .elementor-heading-title.elementor-size-large{font-size:29px}.elementor-widget-heading .elementor-heading-title.elementor-size-xl{font-size:39px}.elementor-widget-heading .elementor-heading-title.elementor-size-xxl{font-size:59px}<\/style><h2 class=\"elementor-heading-title elementor-size-default\">Elisabeth Simon Bo\u00efdo<\/h2>\t\t<\/div>\n\t\t\t\t<\/div>\n\t\t\t\t<div class=\"elementor-element elementor-element-05f8b1d elementor-widget elementor-widget-text-editor\" data-id=\"05f8b1d\" data-element_type=\"widget\" data-widget_type=\"text-editor.default\">\n\t\t\t\t<div class=\"elementor-widget-container\">\n\t\t\t<style>\/*! elementor - v3.17.0 - 08-11-2023 *\/\n.elementor-widget-text-editor.elementor-drop-cap-view-stacked .elementor-drop-cap{background-color:#69727d;color:#fff}.elementor-widget-text-editor.elementor-drop-cap-view-framed .elementor-drop-cap{color:#69727d;border:3px solid;background-color:transparent}.elementor-widget-text-editor:not(.elementor-drop-cap-view-default) .elementor-drop-cap{margin-top:8px}.elementor-widget-text-editor:not(.elementor-drop-cap-view-default) .elementor-drop-cap-letter{width:1em;height:1em}.elementor-widget-text-editor .elementor-drop-cap{float:left;text-align:center;line-height:1;font-size:50px}.elementor-widget-text-editor .elementor-drop-cap-letter{display:inline-block}<\/style>\t\t\t\t<p class=\"x_MsoNormal\" style=\"margin: 0cm; text-align: left;\"><span style=\"color: #242424; font-family: Calibri, sans-serif;\"><span style=\"font-size: 14.6667px;\"><b>Quelle que soit l\u2019histoire que j\u2019\u00e9cris, elle parle de nous.<\/b><\/span><\/span><\/p>\n<p class=\"x_MsoNormal\" style=\"margin: 0cm; text-align: left;\"><span style=\"color: #242424; font-family: Calibri, sans-serif;\"><span style=\"font-size: 14.6667px;\"><b>Lorsque je prom\u00e8ne les mots d\u2019ici et d\u2019ailleurs,<\/b><\/span><\/span><\/p>\n<p class=\"x_MsoNormal\" style=\"margin: 0cm; text-align: left;\"><span style=\"color: #242424; font-family: Calibri, sans-serif;\"><span style=\"font-size: 14.6667px;\"><b>C\u2019est \u00e0 l\u2019hymne de la curiosit\u00e9 et de la d\u00e9couverte,<\/b><\/span><\/span><\/p>\n<p class=\"x_MsoNormal\" style=\"margin: 0cm; text-align: left;\"><span style=\"color: #242424; font-family: Calibri, sans-serif;\"><span style=\"font-size: 14.6667px;\"><b>De la bienveillance et de la diff\u00e9rence,<\/b><\/span><\/span><\/p>\n<p class=\"x_MsoNormal\" style=\"margin: 0cm; text-align: left;\"><span style=\"color: #242424; font-family: Calibri, sans-serif;\"><span style=\"font-size: 14.6667px;\"><b>Car comprendre notre monde dans lequel nous vivons,<\/b><\/span><\/span><\/p>\n<p class=\"x_MsoNormal\" style=\"margin: 0cm; text-align: left;\"><span style=\"color: #242424; font-family: Calibri, sans-serif;\"><span style=\"font-size: 14.6667px;\"><b>C\u2019est agir, l\u2019aimer et le respecter.<\/b><\/span><\/span><\/p>\n<p class=\"x_MsoNormal\" style=\"margin: 0cm; text-align: left;\"><span style=\"color: #242424; font-family: Calibri, sans-serif;\"><span style=\"font-size: 14.6667px;\"><b>Alors \u00e9coute voir l\u2019histoire que je vais te raconter\u2026<\/b><\/span><\/span><\/p>\t\t\t\t\t\t<\/div>\n\t\t\t\t<\/div>\n\t\t\t\t\t<\/div>\n\t\t<\/div>\n\t\t\t\t\t\t\t<\/div>\n\t\t<\/section>\n\t\t\t\t<section class=\"elementor-section elementor-top-section elementor-element elementor-element-qod0lr5 elementor-section-boxed elementor-section-height-default elementor-section-height-default\" data-id=\"qod0lr5\" data-element_type=\"section\">\n\t\t\t\t\t\t<div class=\"elementor-container elementor-column-gap-default\">\n\t\t\t\t\t<div class=\"elementor-column elementor-col-100 elementor-top-column elementor-element elementor-element-077q1uq\" data-id=\"077q1uq\" data-element_type=\"column\">\n\t\t\t<div class=\"elementor-widget-wrap elementor-element-populated\">\n\t\t\t\t\t\t\t\t<div class=\"elementor-element elementor-element-ua4lgrm elementor-widget elementor-widget-heading\" data-id=\"ua4lgrm\" data-element_type=\"widget\" data-widget_type=\"heading.default\">\n\t\t\t\t<div class=\"elementor-widget-container\">\n\t\t\t<h2 class=\"elementor-heading-title elementor-size-default\">Mon parcours<\/h2>\t\t<\/div>\n\t\t\t\t<\/div>\n\t\t\t\t<div class=\"elementor-element elementor-element-jigf8lk elementor-widget-divider--view-line elementor-widget elementor-widget-divider\" data-id=\"jigf8lk\" data-element_type=\"widget\" data-widget_type=\"divider.default\">\n\t\t\t\t<div class=\"elementor-widget-container\">\n\t\t\t<style>\/*! elementor - v3.17.0 - 08-11-2023 *\/\n.elementor-widget-divider{--divider-border-style:none;--divider-border-width:1px;--divider-color:#0c0d0e;--divider-icon-size:20px;--divider-element-spacing:10px;--divider-pattern-height:24px;--divider-pattern-size:20px;--divider-pattern-url:none;--divider-pattern-repeat:repeat-x}.elementor-widget-divider .elementor-divider{display:flex}.elementor-widget-divider .elementor-divider__text{font-size:15px;line-height:1;max-width:95%}.elementor-widget-divider .elementor-divider__element{margin:0 var(--divider-element-spacing);flex-shrink:0}.elementor-widget-divider .elementor-icon{font-size:var(--divider-icon-size)}.elementor-widget-divider .elementor-divider-separator{display:flex;margin:0;direction:ltr}.elementor-widget-divider--view-line_icon .elementor-divider-separator,.elementor-widget-divider--view-line_text .elementor-divider-separator{align-items:center}.elementor-widget-divider--view-line_icon .elementor-divider-separator:after,.elementor-widget-divider--view-line_icon .elementor-divider-separator:before,.elementor-widget-divider--view-line_text .elementor-divider-separator:after,.elementor-widget-divider--view-line_text .elementor-divider-separator:before{display:block;content:\"\";border-bottom:0;flex-grow:1;border-top:var(--divider-border-width) var(--divider-border-style) var(--divider-color)}.elementor-widget-divider--element-align-left .elementor-divider .elementor-divider-separator>.elementor-divider__svg:first-of-type{flex-grow:0;flex-shrink:100}.elementor-widget-divider--element-align-left .elementor-divider-separator:before{content:none}.elementor-widget-divider--element-align-left .elementor-divider__element{margin-left:0}.elementor-widget-divider--element-align-right .elementor-divider .elementor-divider-separator>.elementor-divider__svg:last-of-type{flex-grow:0;flex-shrink:100}.elementor-widget-divider--element-align-right .elementor-divider-separator:after{content:none}.elementor-widget-divider--element-align-right .elementor-divider__element{margin-right:0}.elementor-widget-divider:not(.elementor-widget-divider--view-line_text):not(.elementor-widget-divider--view-line_icon) .elementor-divider-separator{border-top:var(--divider-border-width) var(--divider-border-style) var(--divider-color)}.elementor-widget-divider--separator-type-pattern{--divider-border-style:none}.elementor-widget-divider--separator-type-pattern.elementor-widget-divider--view-line .elementor-divider-separator,.elementor-widget-divider--separator-type-pattern:not(.elementor-widget-divider--view-line) .elementor-divider-separator:after,.elementor-widget-divider--separator-type-pattern:not(.elementor-widget-divider--view-line) .elementor-divider-separator:before,.elementor-widget-divider--separator-type-pattern:not([class*=elementor-widget-divider--view]) .elementor-divider-separator{width:100%;min-height:var(--divider-pattern-height);-webkit-mask-size:var(--divider-pattern-size) 100%;mask-size:var(--divider-pattern-size) 100%;-webkit-mask-repeat:var(--divider-pattern-repeat);mask-repeat:var(--divider-pattern-repeat);background-color:var(--divider-color);-webkit-mask-image:var(--divider-pattern-url);mask-image:var(--divider-pattern-url)}.elementor-widget-divider--no-spacing{--divider-pattern-size:auto}.elementor-widget-divider--bg-round{--divider-pattern-repeat:round}.rtl .elementor-widget-divider .elementor-divider__text{direction:rtl}.e-con-inner>.elementor-widget-divider,.e-con>.elementor-widget-divider{width:var(--container-widget-width,100%);--flex-grow:var(--container-widget-flex-grow)}<\/style>\t\t<div class=\"elementor-divider\">\n\t\t\t<span class=\"elementor-divider-separator\">\n\t\t\t\t\t\t<\/span>\n\t\t<\/div>\n\t\t\t\t<\/div>\n\t\t\t\t<\/div>\n\t\t\t\t<div class=\"elementor-element elementor-element-i7fhzf9 elementor-widget elementor-widget-text-editor\" data-id=\"i7fhzf9\" data-element_type=\"widget\" data-widget_type=\"text-editor.default\">\n\t\t\t\t<div class=\"elementor-widget-container\">\n\t\t\t\t\t\t\t<p class=\"x_MsoNormal\" style=\"margin: 0cm; font-size: 11pt; font-family: Calibri, sans-serif; color: #242424; font-style: normal; font-variant-ligatures: normal; font-variant-caps: normal; font-weight: 400; text-align: left;\"><span style=\"font-size: inherit; color: inherit;\">Membre des Auteurs Francophones depuis janvier 2023, je suis une ancienne \u00e9l\u00e8ve de Julien BERTHEAU, ex-soci\u00e9taire de la com\u00e9die fran\u00e7aise.<\/span><\/p><p class=\"x_MsoNormal\" style=\"margin: 0cm; font-size: 11pt; font-family: Calibri, sans-serif; color: #242424; font-style: normal; font-variant-ligatures: normal; font-variant-caps: normal; font-weight: 400; text-align: start;\"><span style=\"font-size: inherit; color: inherit;\">J\u2019obtiens un premier prix au conservatoire d\u2019Antibes des Alpes Maritimes, puis un deuxi\u00e8me sous la direction de Claude Khan, pianiste de renomm\u00e9e internationale. \u00a0<\/span><\/p><p class=\"x_MsoNormal\" style=\"margin: 0cm; font-size: 11pt; font-family: Calibri, sans-serif; color: #242424; font-style: normal; font-variant-ligatures: normal; font-variant-caps: normal; font-weight: 400; text-align: start;\"><span style=\"font-size: inherit; color: inherit;\">Dirig\u00e9e par Jean-Jacques DELBO (acteur fran\u00e7ais), au th\u00e9\u00e2tre de Nice, je joue Mademoiselle Julie de STRINDBERG.\u00a0<\/span><\/p><p class=\"x_MsoNormal\" style=\"margin: 0cm; font-size: 11pt; font-family: Calibri, sans-serif; color: #242424; font-style: normal; font-variant-ligatures: normal; font-variant-caps: normal; font-weight: 400; text-align: start;\"><span style=\"font-size: inherit; color: inherit;\">Lors du festival du th\u00e9\u00e2tre amateur de la ville de CHOLET, Maria PAC\u00d4ME et\u00a0<\/span><span style=\"font-size: 10.5pt; font-family: Arial, sans-serif; color: #202124; background-image: initial; background-position: initial; background-size: initial; background-repeat: initial; background-attachment: initial; background-origin: initial; background-clip: initial;\">\u00c9liane BO\u00c9RI\u00a0<\/span><span style=\"font-size: inherit; color: inherit;\">me d\u00e9cernent l\u2019arlequin d\u2019argent.<\/span><\/p><p class=\"x_MsoNormal\" style=\"margin: 0cm; font-size: 11pt; font-family: Calibri, sans-serif; color: #242424; font-style: normal; font-variant-ligatures: normal; font-variant-caps: normal; font-weight: 400; text-align: start;\"><span style=\"font-size: inherit; color: inherit;\">Par la suite, je d\u00e9cide de cr\u00e9er l&#8217;\u00e9cole de th\u00e9\u00e2tre de Babeth \u00e0 ROQUEFORT LES PINS dans les Alpes Maritimes, d\u00e9di\u00e9e aux enfants de quatre \u00e0 dix-huit ans.<\/span><\/p><p class=\"x_MsoNormal\" style=\"margin: 0cm; font-size: 11pt; font-family: Calibri, sans-serif; color: #242424; font-style: normal; font-variant-ligatures: normal; font-variant-caps: normal; font-weight: 400; text-align: start;\"><span style=\"font-size: inherit; color: inherit;\">Apr\u00e8s avoir transmis durant vingt ans, ma passion de la sc\u00e8ne \u00e0 travers la musicalit\u00e9 des mots, l\u2019\u00e9vasion et le bien \u00eatre qu\u2019ils procurent, c\u2019est tout naturellement que l\u2019envie de transmettre encore me vient, par le truchement du livre et de la po\u00e9sie cette fois.<\/span><\/p>\t\t\t\t\t\t<\/div>\n\t\t\t\t<\/div>\n\t\t\t\t\t<\/div>\n\t\t<\/div>\n\t\t\t\t\t\t\t<\/div>\n\t\t<\/section>\n\t\t\t\t\t\t\t<\/div>\n\t\t","protected":false},"excerpt":{"rendered":"<p>Elisabeth Simon Bo\u00efdo Quelle que soit l\u2019histoire que j\u2019\u00e9cris, elle parle de nous. Lorsque je prom\u00e8ne les mots d\u2019ici et d\u2019ailleurs, C\u2019est \u00e0 l\u2019hymne de la curiosit\u00e9 et de la d\u00e9couverte, De la bienveillance et de la diff\u00e9rence, Car comprendre notre monde dans lequel nous vivons, C\u2019est agir, l\u2019aimer et le respecter. Alors \u00e9coute voir [&hellip;]<\/p>\n","protected":false},"author":1,"featured_media":0,"parent":0,"menu_order":0,"comment_status":"closed","ping_status":"closed","template":"","meta":{"footnotes":""},"class_list":["post-406","page","type-page","status-publish","hentry","entry"],"_links":{"self":[{"href":"https:\/\/www.simon.boido.fr\/index.php\/wp-json\/wp\/v2\/pages\/406","targetHints":{"allow":["GET"]}}],"collection":[{"href":"https:\/\/www.simon.boido.fr\/index.php\/wp-json\/wp\/v2\/pages"}],"about":[{"href":"https:\/\/www.simon.boido.fr\/index.php\/wp-json\/wp\/v2\/types\/page"}],"author":[{"embeddable":true,"href":"https:\/\/www.simon.boido.fr\/index.php\/wp-json\/wp\/v2\/users\/1"}],"replies":[{"embeddable":true,"href":"https:\/\/www.simon.boido.fr\/index.php\/wp-json\/wp\/v2\/comments?post=406"}],"version-history":[{"count":68,"href":"https:\/\/www.simon.boido.fr\/index.php\/wp-json\/wp\/v2\/pages\/406\/revisions"}],"predecessor-version":[{"id":1591,"href":"https:\/\/www.simon.boido.fr\/index.php\/wp-json\/wp\/v2\/pages\/406\/revisions\/1591"}],"wp:attachment":[{"href":"https:\/\/www.simon.boido.fr\/index.php\/wp-json\/wp\/v2\/media?parent=406"}],"curies":[{"name":"wp","href":"https:\/\/api.w.org\/{rel}","templated":true}]}}